{"id":4268,"date":"2024-08-02T10:09:22","date_gmt":"2024-08-02T07:09:22","guid":{"rendered":"https:\/\/mcplastik.net\/?post_type=product&amp;p=4268"},"modified":"2026-01-02T16:31:15","modified_gmt":"2026-01-02T13:31:15","slug":"1725675","status":"publish","type":"product","link":"https:\/\/mcplastik.net\/en\/urun\/1725675\/","title":{"rendered":"1725675"},"content":{"rendered":"","protected":false},"excerpt":{"rendered":"<p>1725675 OEM Numaral\u0131 \u00dcr\u00fcn\u00fcm\u00fcz.<\/p>\n","protected":false},"featured_media":2236,"menu_order":61,"comment_status":"open","ping_status":"closed","template":"","meta":[],"product_cat":[290],"product_tag":[],"class_list":{"0":"post-4268","1":"product","2":"type-product","3":"status-publish","4":"has-post-thumbnail","6":"product_cat-oem","8":"first","9":"instock","10":"shipping-taxable","11":"purchasable","12":"product-type-woosg"},"aioseo_notices":[],"_links":{"self":[{"href":"https:\/\/mcplastik.net\/en\/wp-json\/wp\/v2\/product\/4268","targetHints":{"allow":["GET"]}}],"collection":[{"href":"https:\/\/mcplastik.net\/en\/wp-json\/wp\/v2\/product"}],"about":[{"href":"https:\/\/mcplastik.net\/en\/wp-json\/wp\/v2\/types\/product"}],"replies":[{"embeddable":true,"href":"https:\/\/mcplastik.net\/en\/wp-json\/wp\/v2\/comments?post=4268"}],"wp:featuredmedia":[{"embeddable":true,"href":"https:\/\/mcplastik.net\/en\/wp-json\/wp\/v2\/media\/2236"}],"wp:attachment":[{"href":"https:\/\/mcplastik.net\/en\/wp-json\/wp\/v2\/media?parent=4268"}],"wp:term":[{"taxonomy":"product_cat","embeddable":true,"href":"https:\/\/mcplastik.net\/en\/wp-json\/wp\/v2\/product_cat?post=4268"},{"taxonomy":"product_tag","embeddable":true,"href":"https:\/\/mcplastik.net\/en\/wp-json\/wp\/v2\/product_tag?post=4268"}],"curies":[{"name":"wp","href":"https:\/\/api.w.org\/{rel}","templated":true}]}}