{"id":4219,"date":"2024-08-01T16:38:38","date_gmt":"2024-08-01T13:38:38","guid":{"rendered":"https:\/\/mcplastik.net\/?post_type=product&#038;p=4219"},"modified":"2026-01-02T16:31:13","modified_gmt":"2026-01-02T13:31:13","slug":"9415220167","status":"publish","type":"product","link":"https:\/\/mcplastik.net\/en\/urun\/9415220167\/","title":{"rendered":"9415220167"},"content":{"rendered":"<p>Compatible Vehicles \/ Brands<\/p>\n<p>MERCEDES ACTROS MP3 \/ MEGA SPACE , ACTROS MP3, ACTROS MP2 \u2013 MP3 \/ CONSRUCTION VEHICLE , ACTROS MP2 \/ MEGA SPACE, ACTROS MP2, AXOR VERSION 2, AXOR VERSION 2 \/ LOW CABIN , AXOR VERSION 1, AXOR VERSION 1 \/ LOW CABIN<\/p>\n","protected":false},"excerpt":{"rendered":"<p>9415220167 OEM Numaral\u0131 \u00dcr\u00fcn\u00fcm\u00fcz.<\/p>\n","protected":false},"featured_media":2256,"menu_order":82,"comment_status":"open","ping_status":"closed","template":"","meta":[],"product_cat":[290],"product_tag":[],"class_list":{"0":"post-4219","1":"product","2":"type-product","3":"status-publish","4":"has-post-thumbnail","6":"product_cat-oem","8":"first","9":"instock","10":"shipping-taxable","11":"purchasable","12":"product-type-woosg"},"aioseo_notices":[],"_links":{"self":[{"href":"https:\/\/mcplastik.net\/en\/wp-json\/wp\/v2\/product\/4219","targetHints":{"allow":["GET"]}}],"collection":[{"href":"https:\/\/mcplastik.net\/en\/wp-json\/wp\/v2\/product"}],"about":[{"href":"https:\/\/mcplastik.net\/en\/wp-json\/wp\/v2\/types\/product"}],"replies":[{"embeddable":true,"href":"https:\/\/mcplastik.net\/en\/wp-json\/wp\/v2\/comments?post=4219"}],"wp:featuredmedia":[{"embeddable":true,"href":"https:\/\/mcplastik.net\/en\/wp-json\/wp\/v2\/media\/2256"}],"wp:attachment":[{"href":"https:\/\/mcplastik.net\/en\/wp-json\/wp\/v2\/media?parent=4219"}],"wp:term":[{"taxonomy":"product_cat","embeddable":true,"href":"https:\/\/mcplastik.net\/en\/wp-json\/wp\/v2\/product_cat?post=4219"},{"taxonomy":"product_tag","embeddable":true,"href":"https:\/\/mcplastik.net\/en\/wp-json\/wp\/v2\/product_tag?post=4219"}],"curies":[{"name":"wp","href":"https:\/\/api.w.org\/{rel}","templated":true}]}}