{"id":4207,"date":"2024-08-01T16:26:32","date_gmt":"2024-08-01T13:26:32","guid":{"rendered":"https:\/\/mcplastik.net\/?post_type=product&amp;p=4207"},"modified":"2026-01-02T16:31:12","modified_gmt":"2026-01-02T13:31:12","slug":"a-9605200119","status":"publish","type":"product","link":"https:\/\/mcplastik.net\/en\/urun\/a-9605200119\/","title":{"rendered":"A.9605200119"},"content":{"rendered":"","protected":false},"excerpt":{"rendered":"<p>A.9605200119 OEM Numaral\u0131 \u00dcr\u00fcn\u00fcm\u00fcz.<\/p>\n","protected":false},"featured_media":3165,"menu_order":93,"comment_status":"open","ping_status":"closed","template":"","meta":[],"product_cat":[290],"product_tag":[],"class_list":{"0":"post-4207","1":"product","2":"type-product","3":"status-publish","4":"has-post-thumbnail","6":"product_cat-oem","8":"first","9":"instock","10":"shipping-taxable","11":"purchasable","12":"product-type-woosg"},"aioseo_notices":[],"_links":{"self":[{"href":"https:\/\/mcplastik.net\/en\/wp-json\/wp\/v2\/product\/4207","targetHints":{"allow":["GET"]}}],"collection":[{"href":"https:\/\/mcplastik.net\/en\/wp-json\/wp\/v2\/product"}],"about":[{"href":"https:\/\/mcplastik.net\/en\/wp-json\/wp\/v2\/types\/product"}],"replies":[{"embeddable":true,"href":"https:\/\/mcplastik.net\/en\/wp-json\/wp\/v2\/comments?post=4207"}],"wp:featuredmedia":[{"embeddable":true,"href":"https:\/\/mcplastik.net\/en\/wp-json\/wp\/v2\/media\/3165"}],"wp:attachment":[{"href":"https:\/\/mcplastik.net\/en\/wp-json\/wp\/v2\/media?parent=4207"}],"wp:term":[{"taxonomy":"product_cat","embeddable":true,"href":"https:\/\/mcplastik.net\/en\/wp-json\/wp\/v2\/product_cat?post=4207"},{"taxonomy":"product_tag","embeddable":true,"href":"https:\/\/mcplastik.net\/en\/wp-json\/wp\/v2\/product_tag?post=4207"}],"curies":[{"name":"wp","href":"https:\/\/api.w.org\/{rel}","templated":true}]}}